{"id":1720,"date":"2023-07-03T18:54:45","date_gmt":"2023-07-03T18:54:45","guid":{"rendered":"https:\/\/gonzalezyvieta.com\/?page_id=1720"},"modified":"2026-03-31T19:19:38","modified_gmt":"2026-03-31T19:19:38","slug":"sucursales","status":"publish","type":"page","link":"https:\/\/gonzalezyvieta.com\/index.php\/sucursales\/","title":{"rendered":"Santander"},"content":{"rendered":"\t\t<div data-elementor-type=\"wp-post\" data-elementor-id=\"1720\" class=\"elementor elementor-1720\">\n\t\t\t\t\t\t<section class=\"elementor-section elementor-top-section elementor-element elementor-element-7d439393 elementor-section-boxed elementor-section-height-default elementor-section-height-default\" data-id=\"7d439393\" data-element_type=\"section\" data-e-type=\"section\" data-settings=\"{&quot;background_background&quot;:&quot;classic&quot;}\">\n\t\t\t\t\t\t\t<div class=\"elementor-background-overlay\"><\/div>\n\t\t\t\t\t\t\t<div class=\"elementor-container elementor-column-gap-no\">\n\t\t\t\t\t<div class=\"elementor-column elementor-col-100 elementor-top-column elementor-element elementor-element-3474ac6a\" data-id=\"3474ac6a\" data-element_type=\"column\" data-e-type=\"column\">\n\t\t\t<div class=\"elementor-widget-wrap elementor-element-populated\">\n\t\t\t\t\t\t<div class=\"elementor-element elementor-element-6b06d837 elementor-widget elementor-widget-heading\" data-id=\"6b06d837\" data-element_type=\"widget\" data-e-type=\"widget\" data-widget_type=\"heading.default\">\n\t\t\t\t\t<h6 class=\"elementor-heading-title elementor-size-default\">Gonz\u00e1lez&amp;Vieta<\/h6>\t\t\t\t<\/div>\n\t\t\t\t<div class=\"elementor-element elementor-element-7b415e3 elementor-widget elementor-widget-heading\" data-id=\"7b415e3\" data-element_type=\"widget\" data-e-type=\"widget\" data-widget_type=\"heading.default\">\n\t\t\t\t\t<h1 class=\"elementor-heading-title elementor-size-default\">Santander<\/h1>\t\t\t\t<\/div>\n\t\t\t\t<div class=\"elementor-element elementor-element-62c7badd elementor-widget elementor-widget-heading\" data-id=\"62c7badd\" data-element_type=\"widget\" data-e-type=\"widget\" data-widget_type=\"heading.default\">\n\t\t\t\t\t<h3 class=\"elementor-heading-title elementor-size-default\">Agente oficial de Banco Santander para pr\u00e9stamos hipotecarios.<\/h3>\t\t\t\t<\/div>\n\t\t\t\t<div class=\"elementor-element elementor-element-6add383c elementor-widget-divider--view-line elementor-widget elementor-widget-divider\" data-id=\"6add383c\" data-element_type=\"widget\" data-e-type=\"widget\" data-widget_type=\"divider.default\">\n\t\t\t\t\t\t\t<div class=\"elementor-divider\">\n\t\t\t<span class=\"elementor-divider-separator\">\n\t\t\t\t\t\t<\/span>\n\t\t<\/div>\n\t\t\t\t\t\t<\/div>\n\t\t\t\t\t<\/div>\n\t\t<\/div>\n\t\t\t\t\t<\/div>\n\t\t<\/section>\n\t\t\t\t<section class=\"elementor-section elementor-top-section elementor-element elementor-element-70f8e6d2 elementor-section-full_width elementor-section-height-default elementor-section-height-default\" data-id=\"70f8e6d2\" data-element_type=\"section\" data-e-type=\"section\">\n\t\t\t\t\t\t<div class=\"elementor-container elementor-column-gap-no\">\n\t\t\t\t\t<div class=\"elementor-column elementor-col-100 elementor-top-column elementor-element elementor-element-33a9577\" data-id=\"33a9577\" data-element_type=\"column\" data-e-type=\"column\">\n\t\t\t<div class=\"elementor-widget-wrap elementor-element-populated\">\n\t\t\t\t\t\t<div class=\"elementor-element elementor-element-2e857e86 elementor-widget elementor-widget-heading\" data-id=\"2e857e86\" data-element_type=\"widget\" data-e-type=\"widget\" data-widget_type=\"heading.default\">\n\t\t\t\t\t<span class=\"elementor-heading-title elementor-size-default\">SANTANDER<\/span>\t\t\t\t<\/div>\n\t\t\t\t\t<\/div>\n\t\t<\/div>\n\t\t\t\t\t<\/div>\n\t\t<\/section>\n\t\t\t\t<section class=\"elementor-section elementor-top-section elementor-element elementor-element-5de70ff elementor-section-content-middle elementor-reverse-mobile elementor-section-boxed elementor-section-height-default elementor-section-height-default elementor-invisible\" data-id=\"5de70ff\" data-element_type=\"section\" data-e-type=\"section\" data-settings=\"{&quot;animation&quot;:&quot;fadeInUp&quot;}\">\n\t\t\t\t\t\t<div class=\"elementor-container elementor-column-gap-no\">\n\t\t\t\t\t<div class=\"elementor-column elementor-col-50 elementor-top-column elementor-element elementor-element-55d9d3b\" data-id=\"55d9d3b\" data-element_type=\"column\" data-e-type=\"column\">\n\t\t\t<div class=\"elementor-widget-wrap elementor-element-populated\">\n\t\t\t\t\t\t<div class=\"elementor-element elementor-element-51b7b2b elementor-widget__width-auto elementor-widget-divider--view-line elementor-widget elementor-widget-divider\" data-id=\"51b7b2b\" data-element_type=\"widget\" data-e-type=\"widget\" data-widget_type=\"divider.default\">\n\t\t\t\t\t\t\t<div class=\"elementor-divider\">\n\t\t\t<span class=\"elementor-divider-separator\">\n\t\t\t\t\t\t<\/span>\n\t\t<\/div>\n\t\t\t\t\t\t<\/div>\n\t\t\t\t<div class=\"elementor-element elementor-element-a33e934 elementor-widget__width-auto elementor-widget elementor-widget-heading\" data-id=\"a33e934\" data-element_type=\"widget\" data-e-type=\"widget\" data-widget_type=\"heading.default\">\n\t\t\t\t\t<h6 class=\"elementor-heading-title elementor-size-default\">En asocioaci\u00f3n con<\/h6>\t\t\t\t<\/div>\n\t\t\t\t<div class=\"elementor-element elementor-element-72cba02 elementor-widget__width-inherit elementor-widget elementor-widget-image\" data-id=\"72cba02\" data-element_type=\"widget\" data-e-type=\"widget\" data-widget_type=\"image.default\">\n\t\t\t\t\t\t\t\t\t\t\t\t\t\t\t<img fetchpriority=\"high\" decoding=\"async\" width=\"1536\" height=\"268\" src=\"https:\/\/gonzalezyvieta.com\/wp-content\/uploads\/2026\/03\/Banco_Santander_Logotipo.svg_-1536x268.png\" class=\"attachment-1536x1536 size-1536x1536 wp-image-1978\" alt=\"\" srcset=\"https:\/\/gonzalezyvieta.com\/wp-content\/uploads\/2026\/03\/Banco_Santander_Logotipo.svg_-1536x268.png 1536w, https:\/\/gonzalezyvieta.com\/wp-content\/uploads\/2026\/03\/Banco_Santander_Logotipo.svg_-300x52.png 300w, https:\/\/gonzalezyvieta.com\/wp-content\/uploads\/2026\/03\/Banco_Santander_Logotipo.svg_-1024x179.png 1024w, https:\/\/gonzalezyvieta.com\/wp-content\/uploads\/2026\/03\/Banco_Santander_Logotipo.svg_-768x134.png 768w, https:\/\/gonzalezyvieta.com\/wp-content\/uploads\/2026\/03\/Banco_Santander_Logotipo.svg_-2048x357.png 2048w\" sizes=\"(max-width: 1536px) 100vw, 1536px\" \/>\t\t\t\t\t\t\t\t\t\t\t\t\t\t\t<\/div>\n\t\t\t\t<div class=\"elementor-element elementor-element-dc37594 elementor-widget elementor-widget-text-editor\" data-id=\"dc37594\" data-element_type=\"widget\" data-e-type=\"widget\" data-widget_type=\"text-editor.default\">\n\t\t\t\t\t\t\t\t\t<p>Facilitamos a nuestros clientes el acceso a financiamiento para la adquisici\u00f3n de vivienda. A trav\u00e9s de nuestra gesti\u00f3n, los interesados pueden iniciar el proceso de solicitud de cr\u00e9dito hipotecario con asesoramiento personalizado y seguimiento durante cada etapa del tr\u00e1mite.<\/p>\n<p>Nuestro objetivo es simplificar el proceso de compra de una propiedad, integrando servicios inmobiliarios, notariales y financiamiento hipotecario en un solo lugar, brindando transparencia, seguridad jur\u00eddica y acompa\u00f1amiento profesional en cada operaci\u00f3n.<\/p>\n<p>Por mayor asesoramiento, \u00a1no dudes en contactarnos!<\/p>\t\t\t\t\t\t\t\t<\/div>\n\t\t\t\t\t<\/div>\n\t\t<\/div>\n\t\t\t\t<div class=\"elementor-column elementor-col-50 elementor-top-column elementor-element elementor-element-d750666\" data-id=\"d750666\" data-element_type=\"column\" data-e-type=\"column\" data-settings=\"{&quot;background_background&quot;:&quot;classic&quot;}\">\n\t\t\t<div class=\"elementor-widget-wrap elementor-element-populated\">\n\t\t\t\t\t<div class=\"elementor-background-overlay\"><\/div>\n\t\t\t\t\t\t<div class=\"elementor-element elementor-element-95de677 elementor-widget elementor-widget-image\" data-id=\"95de677\" data-element_type=\"widget\" data-e-type=\"widget\" data-widget_type=\"image.default\">\n\t\t\t\t\t\t\t\t\t\t\t\t\t\t\t<img decoding=\"async\" width=\"2560\" height=\"1706\" src=\"https:\/\/gonzalezyvieta.com\/wp-content\/uploads\/2026\/03\/WhatsApp-Image-2026-03-30-at-11.28.48-AM.jpeg\" class=\"attachment-full size-full wp-image-1980\" alt=\"\" srcset=\"https:\/\/gonzalezyvieta.com\/wp-content\/uploads\/2026\/03\/WhatsApp-Image-2026-03-30-at-11.28.48-AM.jpeg 2560w, https:\/\/gonzalezyvieta.com\/wp-content\/uploads\/2026\/03\/WhatsApp-Image-2026-03-30-at-11.28.48-AM-300x200.jpeg 300w, https:\/\/gonzalezyvieta.com\/wp-content\/uploads\/2026\/03\/WhatsApp-Image-2026-03-30-at-11.28.48-AM-1024x682.jpeg 1024w, https:\/\/gonzalezyvieta.com\/wp-content\/uploads\/2026\/03\/WhatsApp-Image-2026-03-30-at-11.28.48-AM-768x512.jpeg 768w, https:\/\/gonzalezyvieta.com\/wp-content\/uploads\/2026\/03\/WhatsApp-Image-2026-03-30-at-11.28.48-AM-1536x1024.jpeg 1536w, https:\/\/gonzalezyvieta.com\/wp-content\/uploads\/2026\/03\/WhatsApp-Image-2026-03-30-at-11.28.48-AM-2048x1365.jpeg 2048w\" sizes=\"(max-width: 2560px) 100vw, 2560px\" \/>\t\t\t\t\t\t\t\t\t\t\t\t\t\t\t<\/div>\n\t\t\t\t\t<\/div>\n\t\t<\/div>\n\t\t\t\t\t<\/div>\n\t\t<\/section>\n\t\t<div class=\"elementor-element elementor-element-2e8d4a9 e-flex e-con-boxed e-con e-parent\" data-id=\"2e8d4a9\" data-element_type=\"container\" data-e-type=\"container\">\n\t\t\t\t\t<div class=\"e-con-inner\">\n\t\t\t\t<div class=\"elementor-element elementor-element-c726aea elementor-widget elementor-widget-heading\" data-id=\"c726aea\" data-element_type=\"widget\" data-e-type=\"widget\" data-widget_type=\"heading.default\">\n\t\t\t\t\t<h2 class=\"elementor-heading-title elementor-size-default\">Contactar equipo<\/h2>\t\t\t\t<\/div>\n\t\t\t\t<div class=\"elementor-element elementor-element-01c9c9b elementor-widget elementor-widget-shortcode\" data-id=\"01c9c9b\" data-element_type=\"widget\" data-e-type=\"widget\" data-widget_type=\"shortcode.default\">\n\t\t\t\t\t\t\t<div class=\"elementor-shortcode\">\n<div class=\"wpcf7 no-js\" id=\"wpcf7-f1988-o1\" lang=\"es-ES\" dir=\"ltr\" data-wpcf7-id=\"1988\">\n<div class=\"screen-reader-response\"><p role=\"status\" aria-live=\"polite\" aria-atomic=\"true\"><\/p> <ul><\/ul><\/div>\n<form action=\"\/index.php\/wp-json\/wp\/v2\/pages\/1720#wpcf7-f1988-o1\" method=\"post\" class=\"wpcf7-form init\" aria-label=\"Formulario de contacto\" novalidate=\"novalidate\" data-status=\"init\">\n<fieldset class=\"hidden-fields-container\"><input type=\"hidden\" name=\"_wpcf7\" value=\"1988\" \/><input type=\"hidden\" name=\"_wpcf7_version\" value=\"6.1.5\" \/><input type=\"hidden\" name=\"_wpcf7_locale\" value=\"es_ES\" \/><input type=\"hidden\" name=\"_wpcf7_unit_tag\" value=\"wpcf7-f1988-o1\" \/><input type=\"hidden\" name=\"_wpcf7_container_post\" value=\"0\" \/><input type=\"hidden\" name=\"_wpcf7_posted_data_hash\" value=\"\" \/>\n<\/fieldset>\n<p><label> Nombre<br \/>\n<span class=\"wpcf7-form-control-wrap\" data-name=\"your-name\"><input size=\"40\" maxlength=\"400\" class=\"wpcf7-form-control wpcf7-text wpcf7-validates-as-required\" autocomplete=\"name\" aria-required=\"true\" aria-invalid=\"false\" value=\"\" type=\"text\" name=\"your-name\" \/><\/span> <\/label>\n<\/p>\n<p><label> Email<br \/>\n<span class=\"wpcf7-form-control-wrap\" data-name=\"your-email\"><input size=\"40\" maxlength=\"400\" class=\"wpcf7-form-control wpcf7-email wpcf7-validates-as-required wpcf7-text wpcf7-validates-as-email\" autocomplete=\"email\" aria-required=\"true\" aria-invalid=\"false\" value=\"\" type=\"email\" name=\"your-email\" \/><\/span> <\/label>\n<\/p>\n<p><label> Tel\u00e9fono<br \/>\n<span class=\"wpcf7-form-control-wrap\" data-name=\"tel-134\"><input size=\"40\" maxlength=\"400\" class=\"wpcf7-form-control wpcf7-tel wpcf7-text wpcf7-validates-as-tel\" autocomplete=\"tel\" aria-invalid=\"false\" value=\"\" type=\"tel\" name=\"tel-134\" \/><\/span><\/label>\n<\/p>\n<p><input class=\"wpcf7-form-control wpcf7-submit has-spinner\" type=\"submit\" value=\"Enviar\" \/>\n<\/p><div class=\"wpcf7-response-output\" aria-hidden=\"true\"><\/div>\n<\/form>\n<\/div>\n<\/div>\n\t\t\t\t\t\t<\/div>\n\t\t\t\t\t<\/div>\n\t\t\t\t<\/div>\n\t\t\t\t<\/div>\n\t\t","protected":false},"excerpt":{"rendered":"<p>Gonz\u00e1lez&amp;Vieta Santander Agente oficial de Banco Santander para pr\u00e9stamos hipotecarios. SANTANDER En asocioaci\u00f3n con Facilitamos a nuestros clientes el acceso a financiamiento para la adquisici\u00f3n de vivienda. A trav\u00e9s de nuestra gesti\u00f3n, los interesados pueden iniciar el proceso de solicitud de cr\u00e9dito hipotecario con asesoramiento personalizado y seguimiento durante cada etapa del tr\u00e1mite. Nuestro objetivo [&hellip;]<\/p>\n","protected":false},"author":1,"featured_media":0,"parent":0,"menu_order":0,"comment_status":"closed","ping_status":"closed","template":"","meta":{"site-sidebar-layout":"no-sidebar","site-content-layout":"page-builder","ast-site-content-layout":"full-width-container","site-content-style":"unboxed","site-sidebar-style":"unboxed","ast-global-header-display":"","ast-banner-title-visibility":"","ast-main-header-display":"","ast-hfb-above-header-display":"","ast-hfb-below-header-display":"","ast-hfb-mobile-header-display":"","site-post-title":"disabled","ast-breadcrumbs-content":"","ast-featured-img":"disabled","footer-sml-layout":"","ast-disable-related-posts":"","theme-transparent-header-meta":"enabled","adv-header-id-meta":"","stick-header-meta":"","header-above-stick-meta":"","header-main-stick-meta":"","header-below-stick-meta":"","astra-migrate-meta-layouts":"set","ast-page-background-enabled":"default","ast-page-background-meta":{"desktop":{"background-color":"","background-image":"","background-repeat":"repeat","background-position":"center center","background-size":"auto","background-attachment":"scroll","background-type":"","background-media":"","overlay-type":"","overlay-color":"","overlay-opacity":"","overlay-gradient":""},"tablet":{"background-color":"","background-image":"","background-repeat":"repeat","background-position":"center center","background-size":"auto","background-attachment":"scroll","background-type":"","background-media":"","overlay-type":"","overlay-color":"","overlay-opacity":"","overlay-gradient":""},"mobile":{"background-color":"","background-image":"","background-repeat":"repeat","background-position":"center center","background-size":"auto","background-attachment":"scroll","background-type":"","background-media":"","overlay-type":"","overlay-color":"","overlay-opacity":"","overlay-gradient":""}},"ast-content-background-meta":{"desktop":{"background-color":"var(--ast-global-color-5)","background-image":"","background-repeat":"repeat","background-position":"center center","background-size":"auto","background-attachment":"scroll","background-type":"","background-media":"","overlay-type":"","overlay-color":"","overlay-opacity":"","overlay-gradient":""},"tablet":{"background-color":"var(--ast-global-color-5)","background-image":"","background-repeat":"repeat","background-position":"center center","background-size":"auto","background-attachment":"scroll","background-type":"","background-media":"","overlay-type":"","overlay-color":"","overlay-opacity":"","overlay-gradient":""},"mobile":{"background-color":"var(--ast-global-color-5)","background-image":"","background-repeat":"repeat","background-position":"center center","background-size":"auto","background-attachment":"scroll","background-type":"","background-media":"","overlay-type":"","overlay-color":"","overlay-opacity":"","overlay-gradient":""}},"footnotes":""},"class_list":["post-1720","page","type-page","status-publish","hentry"],"_links":{"self":[{"href":"https:\/\/gonzalezyvieta.com\/index.php\/wp-json\/wp\/v2\/pages\/1720","targetHints":{"allow":["GET"]}}],"collection":[{"href":"https:\/\/gonzalezyvieta.com\/index.php\/wp-json\/wp\/v2\/pages"}],"about":[{"href":"https:\/\/gonzalezyvieta.com\/index.php\/wp-json\/wp\/v2\/types\/page"}],"author":[{"embeddable":true,"href":"https:\/\/gonzalezyvieta.com\/index.php\/wp-json\/wp\/v2\/users\/1"}],"replies":[{"embeddable":true,"href":"https:\/\/gonzalezyvieta.com\/index.php\/wp-json\/wp\/v2\/comments?post=1720"}],"version-history":[{"count":39,"href":"https:\/\/gonzalezyvieta.com\/index.php\/wp-json\/wp\/v2\/pages\/1720\/revisions"}],"predecessor-version":[{"id":2004,"href":"https:\/\/gonzalezyvieta.com\/index.php\/wp-json\/wp\/v2\/pages\/1720\/revisions\/2004"}],"wp:attachment":[{"href":"https:\/\/gonzalezyvieta.com\/index.php\/wp-json\/wp\/v2\/media?parent=1720"}],"curies":[{"name":"wp","href":"https:\/\/api.w.org\/{rel}","templated":true}]}}